{"id":2640,"date":"2016-02-22T13:22:51","date_gmt":"2016-02-22T13:22:51","guid":{"rendered":"https:\/\/www.helvetis-ch.ch\/?page_id=2640"},"modified":"2022-08-12T06:39:06","modified_gmt":"2022-08-12T06:39:06","slug":"helvetisch-home-2-2","status":"publish","type":"page","link":"https:\/\/privatemedia.ch\/helvetisch\/","title":{"rendered":"Helvetisch &#8211; Home"},"content":{"rendered":"<section class=\"wpb-content-wrapper\"><p>[vc_row full_width=&#8221;stretch_row_content_no_spaces&#8221; css=&#8221;.vc_custom_1658510803841{margin-top: -40px !important;}&#8221;][vc_column][vc_images_carousel images=&#8221;5147,5402,5137,5413,5410,5411,5412&#8243; img_size=&#8221;2000&#215;500&#8243; onclick=&#8221;link_no&#8221; autoplay=&#8221;yes&#8221; hide_pagination_control=&#8221;yes&#8221; hide_prev_next_buttons=&#8221;yes&#8221; wrap=&#8221;yes&#8221;][\/vc_column][\/vc_row][vc_row full_width=&#8221;stretch_row_content&#8221; gap=&#8221;10&#8243; css=&#8221;.vc_custom_1658519888206{margin-top: -10px !important;margin-bottom: -10px !important;background-color: #ebeaea !important;}&#8221;][vc_column width=&#8221;1\/4&#8243;][vc_single_image image=&#8221;5948&#8243; img_size=&#8221;full&#8221;][vc_column_text css=&#8221;.vc_custom_1658513138175{margin-top: -20px !important;}&#8221;]NEU IM HELVETISCH ERH\u00c4LTLICH: TIGERFINKLI[\/vc_column_text][\/vc_column][vc_column width=&#8221;1\/2&#8243;][vc_column_text]<\/p>\n<h5>WIR F\u00dcHREN FOLGENDE MARKEN:<\/h5>\n<p>ANA BLUM | APERO | ATELIER FISCHER<br \/>\nBIRTH GRAMM | BRIGITTE H\u00dcRZELER<br \/>\nCATHERINE HENGGELER | CHARLES MULLER<br \/>\nDESIR\u00c9E FISCHLI | DEUXSCHWO<br \/>\nE-KOLLEKTION | EMME LEDER | ERFOLG<br \/>\nF. BLUMER &amp; CIE (Glarnert\u00fcechli) | FIDEA DESIGN | FIONA K. | FLOORPLAN | FOLYBAG | FORMAT | FR\u00c4ULEIN ROSAROT | FRILO \u2028| FABRIC FRONTLINE<br \/>\nGLAS &amp; LICHT | GLAS ART | GL\u00dcCKST\u00dcCK | GR\u00dcNENBURG | GULER<br \/>\nHEIMST\u00c4TTEN WIL | HERGISWIL | HERZOG KERZEN | HOIZART | HUGGLER<br \/>\nIDA GUT | INES BADER<br \/>\nJA\/UND | JAKOB SCHL\u00c4PFER<br \/>\nKAKECK | KARIN STEPHAN | KARIN WAGNER | KARLEN | KATHRIN NIGG | \u2028KATHRIN ZURFLUH | KIENER<br \/>\nLANGANI | LAVABOLAVABELLE<br \/>\nMA LOVE\u2028 | MA TROUVAILLE | \u2028MAGDALENA ERNST | MANSERTEXTIL\u00a0 | MEYER-MAYOR | MILLEID\u00c9ES | MORGENROTNACHTBLAU<br \/>\nNADINE BUCHER | NAEF | \u2028NATAO | NIVO | NUDA<br \/>\nOTRACOSA<br \/>\nPOTSFINK | PRODIS DESIGN | PURPUR3<br \/>\nQUELLENHOF<br \/>\nRENE BURRI | RHEINFELDER KERAMIK | RIGOTEX | ROLAND SENN<br \/>\nSANDRINE LINGE | SCHULTHESS (SWISS CANDLE DESIGN) | SIEBSACHEN | SOMEA | STEINAUER | STEINLIN | STEP BY STEP | STROTZ<br \/>\nT\u00c4T TAT | TELL ME | TERRA | THE SWISS LABEL | TRAUFFER | TREGER<br \/>\nUDIRELEFORME<br \/>\nVICTORINOX | VOTUM<br \/>\nW. STRICK | WEIZENKORN<br \/>\nXESS + BABA[\/vc_column_text][\/vc_column][vc_column width=&#8221;1\/4&#8243;][vc_column_text]\t\t<div id=\"sbi_mod_error\" >\n\t\t\t<span>Diese Fehlermeldung ist nur f\u00fcr WordPress-Administratoren sichtbar<\/span><br \/>\n\t\t\t<p><strong>Fehler: Kein Feed gefunden.<\/strong>\n\t\t\t<p>Bitte geh zur Instagram-Feed-Einstellungsseite, um einen Feed zu erstellen.<\/p>\n\t\t<\/div>\n\t\t[\/vc_column_text][\/vc_column][\/vc_row]<\/p>\n<\/section>","protected":false},"excerpt":{"rendered":"<p>[vc_row full_width=&#8221;stretch_row_content_no_spaces&#8221; css=&#8221;.vc_custom_1658510803841{margin-top: -40px !important;}&#8221;][vc_column][vc_images_carousel images=&#8221;5147,5402,5137,5413,5410,5411,5412&#8243; img_size=&#8221;2000&#215;500&#8243; onclick=&#8221;link_no&#8221; autoplay=&#8221;yes&#8221; hide_pagination_control=&#8221;yes&#8221; hide_prev_next_buttons=&#8221;yes&#8221; wrap=&#8221;yes&#8221;][\/vc_column][\/vc_row][vc_row full_width=&#8221;stretch_row_content&#8221; gap=&#8221;10&#8243; css=&#8221;.vc_custom_1658519888206{margin-top: -10px !important;margin-bottom: -10px !important;background-color: #ebeaea !important;}&#8221;][vc_column width=&#8221;1\/4&#8243;][vc_single_image image=&#8221;5948&#8243; img_size=&#8221;full&#8221;][vc_column_text css=&#8221;.vc_custom_1658513138175{margin-top: -20px !important;}&#8221;]NEU IM HELVETISCH ERH\u00c4LTLICH: TIGERFINKLI[\/vc_column_text][\/vc_column][vc_column width=&#8221;1\/2&#8243;][vc_column_text] WIR F\u00dcHREN FOLGENDE MARKEN: ANA BLUM | APERO | ATELIER FISCHER BIRTH GRAMM | BRIGITTE H\u00dcRZELER CATHERINE HENGGELER | CHARLES MULLER DESIR\u00c9E FISCHLI &#8230; <a title=\"Helvetisch &#8211; Home\" class=\"read-more\" href=\"https:\/\/privatemedia.ch\/helvetisch\/\" aria-label=\"Mehr zu Helvetisch &#8211; Home\">Weiterlesen &#8230;<\/a><\/p>\n","protected":false},"author":1,"featured_media":0,"parent":0,"menu_order":0,"comment_status":"closed","ping_status":"closed","template":"","meta":{"footnotes":""},"class_list":["post-2640","page","type-page","status-publish"],"_links":{"self":[{"href":"https:\/\/privatemedia.ch\/helvetisch\/wp-json\/wp\/v2\/pages\/2640","targetHints":{"allow":["GET"]}}],"collection":[{"href":"https:\/\/privatemedia.ch\/helvetisch\/wp-json\/wp\/v2\/pages"}],"about":[{"href":"https:\/\/privatemedia.ch\/helvetisch\/wp-json\/wp\/v2\/types\/page"}],"author":[{"embeddable":true,"href":"https:\/\/privatemedia.ch\/helvetisch\/wp-json\/wp\/v2\/users\/1"}],"replies":[{"embeddable":true,"href":"https:\/\/privatemedia.ch\/helvetisch\/wp-json\/wp\/v2\/comments?post=2640"}],"version-history":[{"count":0,"href":"https:\/\/privatemedia.ch\/helvetisch\/wp-json\/wp\/v2\/pages\/2640\/revisions"}],"wp:attachment":[{"href":"https:\/\/privatemedia.ch\/helvetisch\/wp-json\/wp\/v2\/media?parent=2640"}],"curies":[{"name":"wp","href":"https:\/\/api.w.org\/{rel}","templated":true}]}}